{"id":902,"date":"2012-03-05T01:09:23","date_gmt":"2012-03-05T04:09:23","guid":{"rendered":"http:\/\/lanofrai.com.br\/?page_id=902"},"modified":"2014-12-22T02:34:38","modified_gmt":"2014-12-21T23:34:38","slug":"apoiadores-supporters","status":"publish","type":"page","link":"https:\/\/lanofrai.com.br\/en\/apoiadores-supporters\/","title":{"rendered":"Supporters"},"content":{"rendered":"<p>This is a civic culturally oriented project, which is open collaborations and donations. It is officially register as a formal organization providing cultural couching and consultancy services. Foreigners who wish to invest in Fraiburgo and need to better understand how the business world in Fraiburgo works and stuff you can contact the author on joni.hs@gmail.com (messages can be written in English, Spanish, French, Dutch, Portuguese and even in Fraiburguese witch does not seem to be the case).<\/p>\n<hr \/>\n<h2>Apoia<\/h2>\n<p><a href=\"https:\/\/lanofrai.com.br\/wp-content\/uploads\/2012\/05\/dsc_0395-2.jpg\"><img loading=\"lazy\" decoding=\"async\" class=\"wp-image-1277 alignleft\" title=\"Farm\u00e1cia ess\u00eancia\" src=\"https:\/\/lanofrai.com.br\/wp-content\/uploads\/2012\/05\/dsc_0395-2.jpg\" alt=\"\" width=\"224\" height=\"117\" srcset=\"https:\/\/lanofrai.com.br\/en\/wp-content\/uploads\/sites\/3\/2012\/05\/dsc_0395-2.jpg 705w, https:\/\/lanofrai.com.br\/en\/wp-content\/uploads\/sites\/3\/2012\/05\/dsc_0395-2-300x157.jpg 300w, https:\/\/lanofrai.com.br\/en\/wp-content\/uploads\/sites\/3\/2012\/05\/dsc_0395-2-624x327.jpg 624w\" sizes=\"auto, (max-width: 224px) 100vw, 224px\" \/><\/a><\/p>\n<p>Primeira farm\u00e1cia de Fraiburgo a atender oficialmente seu p\u00fablico em Portugu\u00eas e Fraiburgu\u00eas e ainda fazer o servi\u00e7o de tradu\u00e7\u00e3o em tempo real de bulas de medicamentos para o Fraiburgu\u00eas. O Tch\u00f4 Quenorris j\u00e1 foi atendido l\u00e1 percisando de rem\u00e9dio pra z\u00f3io esbugaiado, pro garr\u00e3o e paleta. Ela Fica localizada logo atr\u00e1s do lago, pr\u00f3ximo ao posto de sa\u00fade. e-mail farmaciaessencia@hbinfo.com.br<\/p>\n<p><img loading=\"lazy\" decoding=\"async\" class=\"wp-image-1002 alignleft\" title=\"neso\" src=\"https:\/\/lanofrai.com.br\/wp-content\/uploads\/2012\/03\/neso.jpg\" alt=\"\" width=\"237\" height=\"60\" \/><\/p>\n<p>&#8220;A Nuffic Neso Brazil \u00e9 uma organiza\u00e7\u00e3o vinculada a embaixada da Holanda no Brasil e seu objetivo \u00e9 facilitar e promover o\u00a0ensino\u00a0superior\u00a0da Holanda no Brasil, incentivando a coopera\u00e7\u00e3o institucional entre as universidades brasileiras e holandesas.&#8221; Foi atrav\u00e9s dela que o autor pode viabilizar seu estudo de mestrado por 2 anos e ter acesso as teorias e equipamentos utilizados no neste projeto. Mais informa\u00e7\u00f5es visite &#8220;http:\/\/www.nesobrazil.org\/&#8221;<\/p>\n<p><img loading=\"lazy\" decoding=\"async\" class=\"alignleft  wp-image-1282\" title=\"Screen shot 2011-12-07 at 2.48.38 PM\" src=\"https:\/\/lanofrai.com.br\/wp-content\/uploads\/2012\/05\/screen-shot-2011-12-07-at-2-48-38-pm.png\" alt=\"\" width=\"131\" height=\"192\" \/>O minist\u00e9rio \u00e9 o principal agente financiador desta obra. \u00c9 caro manter um blog? Sim, o custo de manuten\u00e7\u00e3o deste projeto \u00e9 bastante elevado pelas horas de trabalho, aquisi\u00e7\u00e3o de material e o custo cognitivo de produ\u00e7\u00e3o textual e coordena\u00e7\u00e3o de ideias. Este blog \u00e9 uma vitrine do que temos de melhor em Fraiburgo, para si e para o mundo. Agrade\u00e7o a todos que j\u00e1 contribu\u00edram com o projeto seja com fotos ou curtidas, tudo \u00e9 feito com muito carinho, dedica\u00e7\u00e3o e muita saudade.<\/p>\n","protected":false},"excerpt":{"rendered":"<p>This is a civic culturally oriented project, which is open collaborations and donations. It is officially register as a formal organization providing cultural couching and consultancy services. Foreigners who wish to invest in Fraiburgo and need to better understand how the business world in Fraiburgo works and stuff you can contact the author on joni.hs@gmail.com [&hellip;]<\/p>\n","protected":false},"author":1,"featured_media":0,"parent":0,"menu_order":0,"comment_status":"open","ping_status":"open","template":"","meta":{"footnotes":""},"class_list":["post-902","page","type-page","status-publish","hentry"],"_links":{"self":[{"href":"https:\/\/lanofrai.com.br\/en\/wp-json\/wp\/v2\/pages\/902","targetHints":{"allow":["GET"]}}],"collection":[{"href":"https:\/\/lanofrai.com.br\/en\/wp-json\/wp\/v2\/pages"}],"about":[{"href":"https:\/\/lanofrai.com.br\/en\/wp-json\/wp\/v2\/types\/page"}],"author":[{"embeddable":true,"href":"https:\/\/lanofrai.com.br\/en\/wp-json\/wp\/v2\/users\/1"}],"replies":[{"embeddable":true,"href":"https:\/\/lanofrai.com.br\/en\/wp-json\/wp\/v2\/comments?post=902"}],"version-history":[{"count":1,"href":"https:\/\/lanofrai.com.br\/en\/wp-json\/wp\/v2\/pages\/902\/revisions"}],"predecessor-version":[{"id":208655,"href":"https:\/\/lanofrai.com.br\/en\/wp-json\/wp\/v2\/pages\/902\/revisions\/208655"}],"wp:attachment":[{"href":"https:\/\/lanofrai.com.br\/en\/wp-json\/wp\/v2\/media?parent=902"}],"curies":[{"name":"wp","href":"https:\/\/api.w.org\/{rel}","templated":true}]}}